{"id":2,"date":"2017-09-21T21:36:32","date_gmt":"2017-09-21T19:36:32","guid":{"rendered":"http:\/\/uniparkett.sk\/?page_id=2"},"modified":"2025-10-14T10:35:19","modified_gmt":"2025-10-14T08:35:19","slug":"ukazka-strany","status":"publish","type":"page","link":"https:\/\/uniparkett.sk\/","title":{"rendered":"Uk\u00e1\u017eka strany"},"content":{"rendered":"<div class=\"wpb-content-wrapper\"><p>[vc_row parallax=&#8220;yes&#8220; parallax_speed_bg=&#8220;2&#8243; el_id=&#8220;home&#8220; css=&#8220;.vc_custom_1506460308365{background-color: #282828 !important;}&#8220;][vc_column][\/vc_column][\/vc_row][vc_row content_placement=&#8220;middle&#8220; parallax=&#8220;yes&#8220; el_id=&#8220;produkty&#8220; css=&#8220;.vc_custom_1506499394598{padding-top: 15px !important;padding-bottom: 15px !important;}&#8220;][vc_column][vc_column_text]<\/p>\n<h3>Produkty<\/h3>\n<p>[\/vc_column_text][vc_tta_tabs color=&#8220;black&#8220; active_section=&#8220;1&#8243; css_animation=&#8220;none&#8220;][vc_tta_section title=&#8220;Lamin\u00e1tov\u00e9 podlahy&#8220; tab_id=&#8220;1506287780177-e226a154-7591&#8243;][vc_row_inner content_placement=&#8220;middle&#8220; css=&#8220;.vc_custom_1506448916925{margin: 0px !important;border-width: 0px !important;padding: 0px !important;background-position: center !important;background-repeat: no-repeat !important;background-size: cover !important;}&#8220;][vc_column_inner width=&#8220;1\/4&#8243;][vc_single_image image=&#8220;146&#8243; img_size=&#8220;400&#215;250&#8243; style=&#8220;vc_box_rounded&#8220; css=&#8220;.vc_custom_1506449827721{margin-top: 0px !important;margin-right: 0px !important;margin-bottom: 0px !important;margin-left: 0px !important;border-top-width: 0px !important;border-right-width: 0px !important;border-bottom-width: 0px !important;border-left-width: 0px !important;padding-top: 0px !important;padding-right: 0px !important;padding-bottom: 0px !important;padding-left: 0px !important;}&#8220;][\/vc_column_inner][vc_column_inner width=&#8220;3\/4&#8243; css=&#8220;.vc_custom_1506449153518{margin: 0px !important;border-width: 0px !important;padding: 0px !important;}&#8220;][vc_column_text css=&#8220;.vc_custom_1760012705058{margin-top: 0px !important;margin-right: 0px !important;margin-bottom: 0px !important;margin-left: 0px !important;border-top-width: 0px !important;border-right-width: 0px !important;border-bottom-width: 0px !important;border-left-width: 0px !important;padding-top: 0px !important;padding-right: 0px !important;padding-bottom: 0px !important;padding-left: 0px !important;}&#8220;]<a href=\"http:\/\/www.egger.cz\/cz-czy\/egger-cz-produkte-melaminharzbeschichtete-platten.htm\" target=\"_blank\" rel=\"noopener noreferrer\">EGGER<\/a>, <a href=\"http:\/\/www.krono-original.com\/sk-index.htm\" target=\"_blank\" rel=\"noopener noreferrer\">KRONO ORIGINAL<\/a>, <a href=\"http:\/\/www.classen.de\/en\/home\/index.cfm\" target=\"_blank\" rel=\"noopener noreferrer\">CLASSEN<\/a><\/p>\n<p>Lamin\u00e1tov\u00e1 podlaha je jednou z najpopul\u00e1rnej\u0161\u00edch volieb pre modern\u00e9 domy. Dala by sa najlep\u0161ie op\u00edsa\u0165 ako viac\u00fa\u010delov\u00e1, funkcion\u00e1lna a trvanliv\u00e1 podlaha. Lamin\u00e1tov\u00e9 podlahy pon\u00fakaj\u00fa nevy\u010derpate\u013en\u00e9 mo\u017enosti rozvoja a je k dispoz\u00edcii vo viac ako 450 dekoroch. Tak\u017ee si m\u00f4\u017eete vybra\u0165 n\u00e1dhern\u00fa lamin\u00e1tov\u00fa podlahu pod\u013ea v\u00e1\u0161ho vkusu a konkr\u00e9tnych po\u017eiadaviek. In\u0161tal\u00e1cia lamin\u00e1tovej podlahy je ve\u013emi jednoduch\u00e1 a r\u00fdchla. \u010ci sa pon\u00e1h\u013eate pres\u0165ahova\u0165 alebo len r\u00fdchlo renovova\u0165, potom je lamin\u00e1tov\u00e1 podlaha v\u00fdber, na ktor\u00fd budete hrd\u00ed. A preto\u017ee je lamin\u00e1tov\u00e1 podlaha skon\u0161truovan\u00e1 pre v\u00fddr\u017e a trvanlivos\u0165, m\u00f4\u017eete sa spo\u013eahn\u00fa\u0165 na to, \u017ee bude odoln\u00e1 vo\u010di po\u0161kriabaniu, n\u00e1razom a rozliatiu lep\u0161ie ne\u017e v\u00e4\u010d\u0161ina in\u00fdch druhov podl\u00e1h. Dokonca si m\u00f4\u017eete vybra\u0165 medzi viacer\u00fdmi mierami opotrebovania (W31, W32 a W33) pod\u013ea za\u0165a\u017eovania priestorov. Ktor\u00fako\u013evek kr\u00e1snu lamin\u00e1tov\u00fa podlahu si vyberiete, m\u00f4\u017eeme v\u00e1m zaru\u010di\u0165, \u017ee nebudete ma\u0165 \u017eiadne probl\u00e9my s jej \u00fadr\u017ebou, ke\u010f\u017ee \u00fadr\u017eba je minim\u00e1lna.[\/vc_column_text][\/vc_column_inner][\/vc_row_inner][\/vc_tta_section][vc_tta_section title=&#8220;Dreven\u00e9 podlahy&#8220; tab_id=&#8220;1506287780281-c1a5b909-037a&#8220;][vc_row_inner content_placement=&#8220;middle&#8220; css=&#8220;.vc_custom_1506449301442{margin-top: 0px !important;margin-right: 0px !important;margin-bottom: 0px !important;margin-left: 0px !important;border-top-width: 0px !important;border-right-width: 0px !important;border-bottom-width: 0px !important;border-left-width: 0px !important;padding-top: 0px !important;padding-right: 0px !important;padding-bottom: 0px !important;padding-left: 0px !important;}&#8220;][vc_column_inner width=&#8220;1\/4&#8243;][vc_single_image image=&#8220;147&#8243; img_size=&#8220;400&#215;250&#8243; style=&#8220;vc_box_rounded&#8220; css=&#8220;.vc_custom_1506449821095{margin-top: 0px !important;margin-right: 0px !important;margin-bottom: 0px !important;margin-left: 0px !important;border-top-width: 0px !important;border-right-width: 0px !important;border-bottom-width: 0px !important;border-left-width: 0px !important;padding-top: 0px !important;padding-right: 0px !important;padding-bottom: 0px !important;padding-left: 0px !important;}&#8220;][\/vc_column_inner][vc_column_inner width=&#8220;3\/4&#8243; css=&#8220;.vc_custom_1506449096237{margin: 0px !important;border-width: 0px !important;padding: 0px !important;}&#8220;][vc_column_text css=&#8220;&#8220;]<a href=\"http:\/\/www.floorexperts.sk\" target=\"_blank\" rel=\"noopener noreferrer\">Floor Experts<\/a>,<a href=\"http:\/\/www.barlinek.sk\/\" target=\"_blank\" rel=\"noopener noreferrer\">Barlinek<\/a><\/p>\n<p>Dreven\u00e9 parkety s\u00fa klasick\u00fd v\u00fdber pre ka\u017ed\u00fd dom. A ke\u010f\u017ee s\u00fa vyroben\u00e9 z prav\u00e9ho dreva, maj\u00fa masivn\u00e9 parkety prirodzen\u00fd p\u00f4vab. V na\u0161ej rozmanitej pon\u00fake si m\u00f4\u017ee ka\u017ed\u00fd v\u00fdbra\u0165 perfektn\u00e9 dreven\u00e9 parkety: od chladn\u00fdch a pokojn\u00fdch, tepl\u00fdch a hrav\u00fdch, radostn\u00fdch a vesel\u00fdch, tmav\u00fdch a tr\u00fafal\u00fdch, modern\u00fdch a rustik\u00e1lnych \u2026 V pon\u00fake m\u00e1me viac ako 480 variantov dreven\u00fdch parkiet, medzi ktor\u00fdmi si ur\u010dite najdete perfektn\u00fa podlahu pre v\u00e1\u0161 \u0161t\u00fdl a vkus. Parketov\u00e1 podlaha je tradi\u010dne zn\u00e1ma t\u00fdm, \u017ee prid\u00e1v\u00e1 hodnotu v\u00e1\u0161mu domovu. Dreven\u00e1 parketov\u00e1 podlaha pon\u00faka r\u00f4zne mo\u017enosti polo\u017eenia, ktor\u00e9 dramaticky zmenia vzh\u013ead ka\u017ed\u00e9ho priestoru. \u010ci ide o parkety s vzorom rybej kosti, \u0161es\u0165hrann\u00fdm, \u0161achovnicov\u00fdm alebo jednoduch\u00fdm tehlov\u00fdm vzorom, v\u00fdber dreven\u00fdch parkiet je takmer nekone\u010dn\u00fd. Pokia\u013e h\u013ead\u00e1te elegantn\u00fa podlahu, ktor\u00e1 bude trvanliv\u00e1, potom s\u00fa dreven\u00e9 parkety klasickou vo\u013ebou.[\/vc_column_text][\/vc_column_inner][\/vc_row_inner][\/vc_tta_section][vc_tta_section title=&#8220;Vinyl&#8220; tab_id=&#8220;1506287829053-0a047ad8-6457&#8243;][vc_row_inner content_placement=&#8220;middle&#8220; css=&#8220;.vc_custom_1506449761160{background-position: center !important;background-repeat: no-repeat !important;background-size: cover !important;}&#8220;][vc_column_inner width=&#8220;1\/4&#8243;][vc_single_image image=&#8220;161&#8243; img_size=&#8220;400&#215;250&#8243;][\/vc_column_inner][vc_column_inner width=&#8220;3\/4&#8243;][vc_column_text css=&#8220;&#8220;]Vicanders, Classen, Arbiton<\/p>\n<p>Luxusn\u00e1 vinylov\u00e1 podlaha je ob\u013e\u00fabenou vo\u013ebou pre modern\u00e9 domy, ktorej rastie popularita pri majite\u013eoch domov. Nielen\u017ee je luxusn\u00e1 vinylov\u00e1 podlaha technologicky dokonal\u00fd v\u00fdrobok, ale je aj perfektnou vo\u013ebou pre r\u00fdchly modern\u00fd \u017eivotn\u00fd \u0161t\u00fdl. Je mimoriadne rezistentn\u00e1, m\u00e1 n\u00edzke n\u00e1roky na \u00fadr\u017ebu a je jednoduch\u00e1 na kladenie. Kladenie vinylovej podlahy je jednoduch\u00e9, r\u00fdchle a cenovo ve\u013emi pr\u00edstupn\u00e9. Jej pr\u00edstupn\u00e1 cena, pohodlie, nen\u00e1ro\u010dn\u00e1 \u00fadr\u017eba a estetick\u00fd vzh\u013ead vyhovuje modern\u00e9mu \u017eivotn\u00e9mu \u0161t\u00fdlu. V pr\u00edpade vinylovej podlahy m\u00f4\u017eete vybera\u0165 medzi r\u00f4znorod\u00fdmi spektrami vzh\u013eadu, od vinylovej podlahy podobaj\u00facej sa na drevo, do dokonalej k\u00f3pie kamenn\u00fdch alebo keramick\u00fdch obkladov. Luxusn\u00e1 vinylov\u00e1 podlaha tieto materi\u00e1ly kop\u00edruje ako v text\u00fare tak aj vo vzh\u013eade, ale je ove\u013ea menej n\u00e1ro\u010dn\u00e1 na \u00fadr\u017ebu a cenovo ve\u013emi pr\u00edstupn\u00e1. Dizajny s\u00fa navrhnut\u00e9, aby dopl\u0148ali ka\u017ed\u00fd priestor, tak\u017ee ak pokladete vinylov\u00fa podlahu, pokladate zarove\u0148 pevn\u00fd z\u00e1klad komfortu a \u0161t\u00fdlu vo va\u0161om domove.[\/vc_column_text][\/vc_column_inner][\/vc_row_inner][\/vc_tta_section][vc_tta_section title=&#8220;Dvere&#8220; tab_id=&#8220;1506287846198-a01d39a5-555b&#8220;][vc_row_inner content_placement=&#8220;middle&#8220; css=&#8220;.vc_custom_1506449914568{background-position: center !important;background-repeat: no-repeat !important;background-size: cover !important;}&#8220;][vc_column_inner width=&#8220;1\/4&#8243;][vc_single_image image=&#8220;152&#8243; img_size=&#8220;400&#215;250&#8243;][\/vc_column_inner][vc_column_inner width=&#8220;3\/4&#8243;][vc_column_text]Pon\u00fakame \u0161irok\u00fd v\u00fdber dver\u00ed od najzn\u00e1mej\u0161\u00edch v\u00fdrobcov. Kompletn\u00fd sortiment n\u00e1jdete na str\u00e1nkach dod\u00e1vate\u013eov:<\/p>\n<p>SAPELI<br \/>\nINVADO<br \/>\nDRE<br \/>\nCenturion<br \/>\nVoster<br \/>\nIntenso<br \/>\nK\u013eu\u010dky[\/vc_column_text][\/vc_column_inner][\/vc_row_inner][\/vc_tta_section][vc_tta_section title=&#8220;Stavebn\u00e9 p\u00fazdra&#8220; tab_id=&#8220;1506287846897-3e3567f5-05a7&#8243;][vc_row_inner content_placement=&#8220;middle&#8220; css=&#8220;.vc_custom_1506449968816{background-position: center !important;background-repeat: no-repeat !important;background-size: cover !important;}&#8220;][vc_column_inner width=&#8220;1\/4&#8243;][vc_single_image image=&#8220;149&#8243; img_size=&#8220;400&#215;250&#8243;][\/vc_column_inner][vc_column_inner width=&#8220;3\/4&#8243;][vc_column_text]<a href=\"http:\/\/www.stavebnepuzdro.sk\/\" target=\"_blank\" rel=\"noopener noreferrer\">JAP<\/a>, <a href=\"https:\/\/www.scrigno.cz\/ke-stazeni\" target=\"_blank\" rel=\"noopener noreferrer\">SCRIGNO<\/a><\/p>\n<p>Stavebn\u00e9 puzdra s\u00fa elegantn\u00fdm rie\u0161en\u00edm posuvn\u00e9ho otv\u00e1rania dver\u00ed. Ich hlavnou v\u00fdhodou je to, \u017ee \u0161etria miesto, preto\u017ee otvoren\u00e9 posuvn\u00e9 dvern\u00e9 kr\u00eddlo nikde neprek\u00e1\u017ea. Stavebn\u00e9 puzdro nahr\u00e1dza \u010das\u0165 prie\u010dky a z\u00e1rove\u0148 chr\u00e1ni zasunut\u00e9 dvern\u00e9 kr\u00eddlo vn\u00fatri. \u010ealej maxim\u00e1lne u\u013eah\u010duje manipul\u00e1ciu s dvern\u00fdm kr\u00eddlom, nepotrebuje prah (je bezbari\u00e9rov\u00e9) a schov\u00e1 ako jednokr\u00eddlov\u00e9, tak aj dvojkr\u00eddlov\u00e9 dvere r\u00f4znej \u0161\u00edrky a v\u00fd\u0161ky. Na\u0161a stavebn\u00e1 puzdra unes\u00fa ako dreven\u00e9 alebo presklen\u00e9 dvere, tak aj celosklenen\u00e9 dvere.[\/vc_column_text][\/vc_column_inner][\/vc_row_inner][\/vc_tta_section][vc_tta_section title=&#8220;Prechodov\u00e9 li\u0161ty&#8220; tab_id=&#8220;1506287889257-e6964623-797c&#8220;][vc_row_inner content_placement=&#8220;middle&#8220; css=&#8220;.vc_custom_1506450007053{background-position: center !important;background-repeat: no-repeat !important;background-size: cover !important;}&#8220;][vc_column_inner width=&#8220;1\/4&#8243;][vc_single_image image=&#8220;164&#8243; img_size=&#8220;400&#215;250&#8243;][\/vc_column_inner][vc_column_inner width=&#8220;3\/4&#8243;][vc_column_text]<a href=\"http:\/\/www.effector.com.pl\/announcements\/index\/lastest\/mod\/1\" target=\"_blank\" rel=\"noopener noreferrer\">Effector<\/a><\/p>\n<p>Pon\u00fakame \u0161irok\u00fd v\u00fdber prechodov\u00fdch l\u00ed\u0161t od najzn\u00e1mej\u0161\u00edch v\u00fdrobcov. Kompletn\u00fd sortiment n\u00e1jdete na str\u00e1nke dod\u00e1vate\u013ea https:\/\/www.effector.com.pl\/en\/.[\/vc_column_text][\/vc_column_inner][\/vc_row_inner][\/vc_tta_section][vc_tta_section title=&#8220;Soklov\u00e9 li\u0161ty&#8220; tab_id=&#8220;1506287890112-f66e44c6-438d&#8220;][vc_row_inner content_placement=&#8220;middle&#8220; css=&#8220;.vc_custom_1506450041922{background-position: center !important;background-repeat: no-repeat !important;background-size: cover !important;}&#8220;][vc_column_inner width=&#8220;1\/4&#8243;][vc_single_image image=&#8220;162&#8243; img_size=&#8220;400&#215;250&#8243;][\/vc_column_inner][vc_column_inner width=&#8220;3\/4&#8243;][vc_column_text]Pon\u00fakame \u0161irok\u00fd v\u00fdber soklov\u00fdch l\u00ed\u0161t od najzn\u00e1mej\u0161\u00edch v\u00fdrobcov. Kompletn\u00fd sortiment n\u00e1jdete na str\u00e1nkach dod\u00e1vate\u013eov:<\/p>\n<p><a href=\"https:\/\/www.parador.eu\/\" target=\"_blank\" rel=\"noopener noreferrer\">MDF<br \/>\nPVC<br \/>\nD\u00ddHA<\/a>[\/vc_column_text][\/vc_column_inner][\/vc_row_inner][\/vc_tta_section][vc_tta_section title=&#8220;Pr\u00edslu\u0161enstvo&#8220; tab_id=&#8220;1506287919929-9a7ea7cd-6d42&#8243;][vc_row_inner content_placement=&#8220;middle&#8220; css=&#8220;.vc_custom_1506450074731{background-position: center !important;background-repeat: no-repeat !important;background-size: cover !important;}&#8220;][vc_column_inner width=&#8220;1\/4&#8243;][vc_single_image image=&#8220;167&#8243; img_size=&#8220;400&#215;250&#8243;][\/vc_column_inner][vc_column_inner width=&#8220;3\/4&#8243;][vc_column_text]PODLO\u017dKY &#8211; Podlahov\u00e9 f\u00f3lie<br \/>\nSCHODOV\u00c9 DREVEN\u00c9 STUPNICE<br \/>\nUKON\u010cOVACIE LI\u0160TY<br \/>\nLEPIDL\u00c1, OLEJE, \u010cISTIACE A UDR\u017dIAVACIE PROSTRIEDKY<br \/>\nMONT\u00c1\u017dNY MATERI\u00c1L<br \/>\nPROFILY<strong><br \/>\n<\/strong>[\/vc_column_text][\/vc_column_inner][\/vc_row_inner][\/vc_tta_section][\/vc_tta_tabs][\/vc_column][\/vc_row][vc_row parallax=&#8220;yes&#8220; el_id=&#8220;poradenstvo&#8220; css=&#8220;.vc_custom_1620141161804{padding-top: 15px !important;padding-bottom: 15px !important;background-image: url(https:\/\/uniparkett.sk\/wp-content\/uploads\/2017\/09\/podlaha-bg.jpg?id=203) !important;}&#8220;][vc_column][vc_masonry_grid post_type=&#8220;portfolio&#8220; max_items=&#8220;10&#8243; style=&#8220;lazy&#8220; items_per_page=&#8220;6&#8243; gap=&#8220;5&#8243; order=&#8220;ASC&#8220; item=&#8220;39&#8243; initial_loading_animation=&#8220;fadeIn&#8220; grid_id=&#8220;vc_gid:1760430820903-6f1abb5c-c3e5-1&#8243;][\/vc_column][\/vc_row][vc_row css=&#8220;.vc_custom_1554362008851{background-color: #a5a5a5 !important;}&#8220;][vc_column][vc_custom_heading text=&#8220;Obchodn\u00e9 podmienky UNIPARKETT&#8220; font_container=&#8220;tag:h2|font_size:40|text_align:center|color:%23dd0d0d&#8220; google_fonts=&#8220;font_family:Nova%20Flat%3Aregular|font_style:400%20regular%3A400%3Anormal&#8220; css_animation=&#8220;none&#8220; css=&#8220;.vc_custom_1664830405459{padding-top: 15px !important;padding-bottom: 15px !important;}&#8220; link=&#8220;url:http%3A%2F%2Funiparkett.sk%2Fpdf%2Fobchodne_podmienky_uniparkett.pdf|title:zobrazi%C5%A5|target:%20_blank|&#8220;][\/vc_column][\/vc_row][vc_row el_id=&#8220;kontakt&#8220; css=&#8220;.vc_custom_1760430435857{padding-top: 15px !important;padding-bottom: 15px !important;background-color: #f8f8f8 !important;}&#8220;][vc_column width=&#8220;1\/4&#8243;][vc_column_text]<\/p>\n<div>\n<h3>Kontaktn\u00e9 \u00fadaje:<\/h3>\n<h4>UNIPARKETT<br \/>\nFi\u013eakovsk\u00e1 cesta 288<br \/>\n(Budova ITR n\u00e1bytku)<br \/>\n98401 Lu\u010denec<br \/>\n<a href=\"mailto:info@uniparkett.sk\"> info@uniparkett.sk <\/a><\/h4>\n<h4 class=\"phone-text font-primary uppercase\">0911 147 232<br \/>\n047\/432 05 33<br \/>\n047\/432 05 33<\/h4>\n<\/div>\n<p>[\/vc_column_text][\/vc_column][vc_column width=&#8220;1\/4&#8243;][vc_column_text]<\/p>\n<div>\n<h3><\/h3>\n<h3><\/h3>\n<h3>Otv\u00e1racie hodiny:<\/h3>\n<h4>Pondelok &#8211; Piatok<br \/>\n8:00 &#8211; 17:00<\/h4>\n<h4>Sobota<br \/>\n9:00 &#8211; 12:00<\/h4>\n<h4 class=\"phone-text font-primary uppercase\"><\/h4>\n<\/div>\n<p>[\/vc_column_text][\/vc_column][vc_column width=&#8220;2\/4&#8243;][vc_column_text css=&#8220;&#8220;]<\/p>\n<h3>Kontaktn\u00fd formul\u00e1r:<\/h3>\n\n<div class=\"wpcf7 no-js\" id=\"wpcf7-f4-o1\" lang=\"sk-SK\" dir=\"ltr\" data-wpcf7-id=\"4\">\n<div class=\"screen-reader-response\"><p role=\"status\" aria-live=\"polite\" aria-atomic=\"true\"><\/p> <ul><\/ul><\/div>\n<form action=\"\/index.php?rest_route=%2Fwp%2Fv2%2Fpages%2F2#wpcf7-f4-o1\" method=\"post\" class=\"wpcf7-form init\" aria-label=\"Kontaktn\u00fd formul\u00e1r\" novalidate=\"novalidate\" data-status=\"init\">\n<fieldset class=\"hidden-fields-container\"><input type=\"hidden\" name=\"_wpcf7\" value=\"4\" \/><input type=\"hidden\" name=\"_wpcf7_version\" value=\"6.1.2\" \/><input type=\"hidden\" name=\"_wpcf7_locale\" value=\"sk_SK\" \/><input type=\"hidden\" name=\"_wpcf7_unit_tag\" value=\"wpcf7-f4-o1\" \/><input type=\"hidden\" name=\"_wpcf7_container_post\" value=\"0\" \/><input type=\"hidden\" name=\"_wpcf7_posted_data_hash\" value=\"\" \/>\n<\/fieldset>\n<div class=\"col-xs-6 left\">\n   <div class=\"form-group your-name\"><input class=\"wpcf7-form-control wpcf7-text wpcf7-validates-as-required form-control\" name=\"your-name\" type=\"text\" value=\"\" placeholder=\"Va\u0161e meno (povinn\u00e9)\" aria-invalid=\"false\" aria-required=\"true\" required><\/div>\n   <div class=\"form-group your-email\"><input class=\"wpcf7-form-control wpcf7-email wpcf7-validates-as-required wpcf7-text wpcf7-validates-as-email form-control\" name=\"your-email\" type=\"email\" value=\"\" placeholder=\"V\u00e1\u0161 email (povinn\u00e9)\" aria-invalid=\"false\" aria-required=\"true\" required><\/div>\n   <div class=\"form-group your-phone\"><input class=\"wpcf7-form-control wpcf7-tel wpcf7-validates-as-required wpcf7-text wpcf7-validates-as-tel form-control\" name=\"your-phone\" type=\"tel\" value=\"\" placeholder=\"Va\u0161e tel. \u010d\u00edslo (povinn\u00e9)\" aria-invalid=\"false\" aria-required=\"true\" required><\/div>   \n<\/div>\n<div class=\"col-xs-6 right\">\n<div class=\"form-group your-message\"><textarea class=\"wpcf7-form-control wpcf7-textarea form-control\" name=\"your-message\" rows=\"6\" placeholder=\"Va\u0161a spr\u00e1va\" aria-invalid=\"false\"><\/textarea><\/div>\n\n<\/div>\n<div class=\"col-xs-12 text-right\">\n  <span class=\"wpcf7-form-control-wrap kc_captcha\" data-name=\"kc_captcha\"><span class=\"wpcf7-form-control wpcf7-radio\"><span class=\"captcha-image\" ><span class=\"cf7ic_instructions\">Ak ste \u010dlovek, vyberte obr\u00e1zok <span> cup<\/span>.<\/span><label><input aria-label=\"1\" type=\"radio\" name=\"kc_captcha\" value=\"bot\" \/><svg aria-hidden=\"true\" role=\"img\" xmlns=\"http:\/\/www.w3.org\/2000\/svg\" viewBox=\"0 0 512 512\"><path fill=\"currentColor\" d=\"M500 168h-55l-8-21a127 127 0 00-120-83H195a127 127 0 00-120 83l-8 21H12c-8 0-14 8-11 16l8 24a12 12 0 0011 8h29a64 64 0 00-33 56v48c0 16 6 31 16 42v62c0 13 11 24 24 24h48c13 0 24-11 24-24v-40h256v40c0 13 11 24 24 24h48c13 0 24-11 24-24v-62c10-11 16-26 16-42v-48c0-24-13-45-33-56h29a12 12 0 0011-8l8-24c3-8-3-16-11-16zm-365 2c9-25 33-42 60-42h122c27 0 51 17 60 42l15 38H120l15-38zM88 328a32 32 0 010-64c18 0 48 30 48 48s-30 16-48 16zm336 0c-18 0-48 2-48-16s30-48 48-48 32 14 32 32-14 32-32 32z\"\/><\/svg><\/label><label><input aria-label=\"2\" type=\"radio\" name=\"kc_captcha\" value=\"kc_human\" \/><svg aria-hidden=\"true\" role=\"img\" xmlns=\"http:\/\/www.w3.org\/2000\/svg\" viewBox=\"0 0 640 512\"><path fill=\"currentColor\" d=\"M192 384h192c53 0 96-43 96-96h32a128 128 0 000-256H120c-13 0-24 11-24 24v232c0 53 43 96 96 96zM512 96a64 64 0 010 128h-32V96h32zm48 384H48c-47 0-61-64-36-64h584c25 0 11 64-36 64z\"\/><\/svg><\/label><label><input aria-label=\"3\" type=\"radio\" name=\"kc_captcha\" value=\"bot\" \/><svg aria-hidden=\"true\" role=\"img\" xmlns=\"http:\/\/www.w3.org\/2000\/svg\" viewBox=\"0 0 512 512\"><path fill=\"currentColor\" d=\"M512 176a176 176 0 01-209 173l-24 27a24 24 0 01-18 8h-37v40c0 13-11 24-24 24h-40v40c0 13-11 24-24 24H24c-13 0-24-11-24-24v-78c0-6 3-13 7-17l162-162a176 176 0 11343-55zm-176-48a48 48 0 1096 0 48 48 0 00-96 0z\"\/><\/svg><\/label>\r\n    <\/span>\r\n    <span style=\"display:none\">\r\n        <input type=\"text\" name=\"kc_honeypot\">\r\n    <\/span><\/span><\/span>\n<\/div>\n<div class=\"col-xs-12 text-right\">\n   <div class=\"form-group\"><div><input class=\"wpcf7-form-control wpcf7-submit btn btn-primary\" type=\"submit\" value=\"Odo\u0161li\"><\/div><\/div>\n<\/div><p style=\"display: none !important;\" class=\"akismet-fields-container\" data-prefix=\"_wpcf7_ak_\"><label>&#916;<textarea name=\"_wpcf7_ak_hp_textarea\" cols=\"45\" rows=\"8\" maxlength=\"100\"><\/textarea><\/label><input type=\"hidden\" id=\"ak_js_1\" name=\"_wpcf7_ak_js\" value=\"77\"\/><script>document.getElementById( \"ak_js_1\" ).setAttribute( \"value\", ( new Date() ).getTime() );<\/script><\/p><div class=\"wpcf7-response-output alert alert-warning\"><\/div>\n<\/form>\n<\/div>\n\n<style>.captcha-image { margin-top:10px; border: 1px solid; padding: 10px;  display: inline-block; text-align: center; width: 100%; background-color: white; border: 1px solid lightgray;line-height: 1.42857143;  color: #555; border: 1px solid #ccc !important;  border-radius: 4px; -webkit-box-shadow: inset 0 1px 1px rgba(0,0,0,.075); box-shadow: inset 0 1px 1px rgba(0,0,0,.075); -webkit-transition: border-color ease-in-out .15s,box-shadow ease-in-out .15s; transition: border-color ease-in-out .15s,box-shadow ease-in-out .15s; } <\/style>\n<p>[\/vc_column_text][\/vc_column][\/vc_row][vc_row css=&#8220;.vc_custom_1576755287228{background-color: #d6d6d6 !important;}&#8220;][vc_column][vc_custom_heading text=&#8220;Ochrana osobn\u00fdch \u00fadajov UNIPARKETT&#8220; font_container=&#8220;tag:h2|font_size:40|text_align:center|color:%23dd0d0d&#8220; google_fonts=&#8220;font_family:Nova%20Flat%3Aregular|font_style:400%20regular%3A400%3Anormal&#8220; css_animation=&#8220;none&#8220; css=&#8220;.vc_custom_1664830490975{padding-top: 15px !important;padding-bottom: 15px !important;}&#8220; link=&#8220;url:http%3A%2F%2Funiparkett.sk%2Fwp-content%2Fuploads%2F2019%2F12%2FGDPR-unimonts.pdf|title:zobrazi%C5%A5|target:%20_blank|&#8220;][\/vc_column][\/vc_row][vc_row el_id=&#8220;galeria&#8220; css=&#8220;.vc_custom_1664830576189{padding-top: 15px !important;padding-bottom: 15px !important;}&#8220;][vc_column][vc_column_text]<\/p>\n<h3>Gal\u00e9ria<\/h3>\n<p>[\/vc_column_text][vc_masonry_media_grid element_width=&#8220;2&#8243; initial_loading_animation=&#8220;none&#8220; grid_id=&#8220;vc_gid:1760430820903-912f4c6a-bb6e-10&#8243; include=&#8220;57,51,85,81,155,175,163,170,173,79,156,64,63,154,73,168,90,88&#8243;][\/vc_column][\/vc_row]<\/p>\n<\/div>","protected":false},"excerpt":{"rendered":"<p>[vc_row parallax=&#8220;yes&#8220; parallax_speed_bg=&#8220;2&#8243; el_id=&#8220;home&#8220; css=&#8220;.vc_custom_1506460308365{background-color: #282828 !important;}&#8220;][vc_column][\/vc_column][\/vc_row][vc_row content_placement=&#8220;middle&#8220; parallax=&#8220;yes&#8220; el_id=&#8220;produkty&#8220; css=&#8220;.vc_custom_1506499394598{padding-top: 15px !important;padding-bottom: 15px !important;}&#8220;][vc_column][vc_column_text] Produkty [\/vc_column_text][vc_tta_tabs color=&#8220;black&#8220; active_section=&#8220;1&#8243; css_animation=&#8220;none&#8220;][vc_tta_section title=&#8220;Lamin\u00e1tov\u00e9 podlahy&#8220; tab_id=&#8220;1506287780177-e226a154-7591&#8243;][vc_row_inner content_placement=&#8220;middle&#8220; css=&#8220;.vc_custom_1506448916925{margin: 0px !important;border-width: 0px !important;padding: 0px !important;background-position: center !important;background-repeat: no-repeat !important;background-size: cover !important;}&#8220;][vc_column_inner width=&#8220;1\/4&#8243;][vc_single_image image=&#8220;146&#8243; img_size=&#8220;400&#215;250&#8243; style=&#8220;vc_box_rounded&#8220; css=&#8220;.vc_custom_1506449827721{margin-top: 0px !important;margin-right: 0px !important;margin-bottom: 0px !important;margin-left: 0px !important;border-top-width: 0px !important;border-right-width: 0px !important;border-bottom-width: 0px !important;border-left-width: 0px !important;padding-top: 0px !important;padding-right: 0px !important;padding-bottom: 0px !important;padding-left: 0px !important;}&#8220;][\/vc_column_inner][vc_column_inner width=&#8220;3\/4&#8243; css=&#8220;.vc_custom_1506449153518{margin: 0px !important;border-width: [&hellip;]<\/p>\n","protected":false},"author":1,"featured_media":0,"parent":0,"menu_order":0,"comment_status":"closed","ping_status":"open","template":"","meta":{"footnotes":""},"class_list":["post-2","page","type-page","status-publish","hentry"],"_links":{"self":[{"href":"https:\/\/uniparkett.sk\/index.php?rest_route=\/wp\/v2\/pages\/2","targetHints":{"allow":["GET"]}}],"collection":[{"href":"https:\/\/uniparkett.sk\/index.php?rest_route=\/wp\/v2\/pages"}],"about":[{"href":"https:\/\/uniparkett.sk\/index.php?rest_route=\/wp\/v2\/types\/page"}],"author":[{"embeddable":true,"href":"https:\/\/uniparkett.sk\/index.php?rest_route=\/wp\/v2\/users\/1"}],"replies":[{"embeddable":true,"href":"https:\/\/uniparkett.sk\/index.php?rest_route=%2Fwp%2Fv2%2Fcomments&post=2"}],"version-history":[{"count":135,"href":"https:\/\/uniparkett.sk\/index.php?rest_route=\/wp\/v2\/pages\/2\/revisions"}],"predecessor-version":[{"id":324,"href":"https:\/\/uniparkett.sk\/index.php?rest_route=\/wp\/v2\/pages\/2\/revisions\/324"}],"wp:attachment":[{"href":"https:\/\/uniparkett.sk\/index.php?rest_route=%2Fwp%2Fv2%2Fmedia&parent=2"}],"curies":[{"name":"wp","href":"https:\/\/api.w.org\/{rel}","templated":true}]}}